{"id":66,"date":"2024-05-22T15:07:16","date_gmt":"2024-05-22T13:07:16","guid":{"rendered":"https:\/\/geometre-expert-lamquet.be\/?page_id=66"},"modified":"2024-06-11T20:28:59","modified_gmt":"2024-06-11T18:28:59","slug":"sylvain-lamquet-geometre-expert-namur-wallonie-belgique","status":"publish","type":"page","link":"https:\/\/geometre-expert-lamquet.be\/fr\/","title":{"rendered":"Sylvain Lamquet, G\u00e9om\u00e8tre-Expert Namur, Wallonie, Belgique"},"content":{"rendered":"\n<p>\u00ab Le g\u00e9om\u00e8tre-expert est le professionnel qui identifie, d\u00e9limite, mesure, \u00e9value la propri\u00e9t\u00e9 immobili\u00e8re publique ou priv\u00e9e, b\u00e2tie ou non, tant \u00e0 la surface qu&rsquo;en sous-sol, ainsi que les travaux qu&rsquo;on y ex\u00e9cute et qui organise son enregistrement et celui des droits r\u00e9els attach\u00e9s. Par extension, il \u00e9tudie, projette et dirige l&rsquo;am\u00e9nagement ou l&rsquo;am\u00e9lioration fonci\u00e8re, rurale ou urbaine. Il traite des sciences techniques, juridiques, \u00e9conomiques, agricoles et sociales qui se rattachent aux objets ci-dessus \u00e9nonc\u00e9s. \u00bb<\/p>\n\n\n\n<ul class=\"wp-block-list\">\n<li><em>&nbsp; D\u00e9finition officielle formul\u00e9e \u00e0 Rome en 1933 et \u00e0 Londres en 1934 par vingt-deux nations et quatorze dominions. Extrait des statuts de la F\u00e9d\u00e9ration internationale des G\u00e9om\u00e8tres (FIG)<\/em><\/li>\n<\/ul>\n\n\n\n<h2 class=\"wp-block-heading\">Une gamme de services vari\u00e9s<\/h2>\n\n\n\n<ul class=\"wp-block-list\">\n<li><strong><a href=\"https:\/\/geometre-expert-lamquet.be\/topographie-mesurage-topographique-de-terrain\/\" data-type=\"page\" data-id=\"76\">Nivellements<\/a><a href=\"https:\/\/www.geometre-expert-lamquet.be\/fr\/topographie-terrain-25\">&nbsp;<\/a><\/strong>\/Cubatures<\/li>\n\n\n\n<li><strong><a href=\"https:\/\/geometre-expert-lamquet.be\/bornage-delimitation-terrain\/\" data-type=\"page\" data-id=\"78\">Bornage<\/a><\/strong><\/li>\n\n\n\n<li><strong><a href=\"https:\/\/geometre-expert-lamquet.be\/implantation-batiment-ouvrage\/\" data-type=\"page\" data-id=\"80\">Implantation de b\u00e2timent<\/a><\/strong><\/li>\n\n\n\n<li><strong><a href=\"https:\/\/geometre-expert-lamquet.be\/expertise-immobiliere-achat-vente-location\/\" data-type=\"page\" data-id=\"82\">Expertise immobili\u00e8re<\/a>&nbsp;<\/strong>\/ Etats des lieux<\/li>\n\n\n\n<li>Division<\/li>\n\n\n\n<li>Reprise de mitoyennet\u00e9<\/li>\n<\/ul>\n\n\n\n<h2 class=\"wp-block-heading\">Votre expert en mesure de surfaces<\/h2>\n\n\n\n<p>Un travail de qualit\u00e9 et de pr\u00e9cision sur Namur, Wallonie et Belgique.<br><br>Pour toute information ou pour obtenir un devis gratuit, n\u2019h\u00e9sitez pas \u00e0 me contacter par t\u00e9l\u00e9phone ou par email : je m\u2019engage \u00e0 r\u00e9pondre \u00e0 vos questions dans les plus brefs d\u00e9lais.<\/p>\n\n\n\n<figure class=\"wp-block-gallery has-nested-images columns-4 is-cropped wp-block-gallery-1 is-layout-flex wp-block-gallery-is-layout-flex\">\n<figure class=\"wp-block-image size-large\"><a href=\"https:\/\/geometre-expert-lamquet.be\/wp-content\/uploads\/2024\/05\/ADE_6311BD_DxO.jpg\"><img loading=\"lazy\" decoding=\"async\" width=\"1024\" height=\"683\" data-id=\"112\" src=\"https:\/\/geometre-expert-lamquet.be\/wp-content\/uploads\/2024\/05\/ADE_6311BD_DxO-1024x683.jpg\" alt=\"\" class=\"wp-image-112\" srcset=\"https:\/\/geometre-expert-lamquet.be\/wp-content\/uploads\/2024\/05\/ADE_6311BD_DxO-1024x683.jpg 1024w, https:\/\/geometre-expert-lamquet.be\/wp-content\/uploads\/2024\/05\/ADE_6311BD_DxO-300x200.jpg 300w, https:\/\/geometre-expert-lamquet.be\/wp-content\/uploads\/2024\/05\/ADE_6311BD_DxO-768x512.jpg 768w, https:\/\/geometre-expert-lamquet.be\/wp-content\/uploads\/2024\/05\/ADE_6311BD_DxO-1536x1024.jpg 1536w, https:\/\/geometre-expert-lamquet.be\/wp-content\/uploads\/2024\/05\/ADE_6311BD_DxO.jpg 1900w\" sizes=\"auto, (max-width: 1024px) 100vw, 1024px\" \/><\/a><\/figure>\n\n\n\n<figure class=\"wp-block-image size-large\"><a href=\"https:\/\/geometre-expert-lamquet.be\/wp-content\/uploads\/2024\/05\/ADE_6333BD_DxO.jpg\"><img loading=\"lazy\" decoding=\"async\" width=\"1024\" height=\"683\" data-id=\"111\" src=\"https:\/\/geometre-expert-lamquet.be\/wp-content\/uploads\/2024\/05\/ADE_6333BD_DxO-1024x683.jpg\" alt=\"\" class=\"wp-image-111\" srcset=\"https:\/\/geometre-expert-lamquet.be\/wp-content\/uploads\/2024\/05\/ADE_6333BD_DxO-1024x683.jpg 1024w, https:\/\/geometre-expert-lamquet.be\/wp-content\/uploads\/2024\/05\/ADE_6333BD_DxO-300x200.jpg 300w, https:\/\/geometre-expert-lamquet.be\/wp-content\/uploads\/2024\/05\/ADE_6333BD_DxO-768x512.jpg 768w, https:\/\/geometre-expert-lamquet.be\/wp-content\/uploads\/2024\/05\/ADE_6333BD_DxO-1536x1024.jpg 1536w, https:\/\/geometre-expert-lamquet.be\/wp-content\/uploads\/2024\/05\/ADE_6333BD_DxO.jpg 1900w\" sizes=\"auto, (max-width: 1024px) 100vw, 1024px\" \/><\/a><\/figure>\n\n\n\n<figure class=\"wp-block-image size-large\"><a href=\"https:\/\/geometre-expert-lamquet.be\/wp-content\/uploads\/2024\/05\/ADE_6514BD_DxO.jpg\"><img loading=\"lazy\" decoding=\"async\" width=\"1024\" height=\"683\" data-id=\"109\" src=\"https:\/\/geometre-expert-lamquet.be\/wp-content\/uploads\/2024\/05\/ADE_6514BD_DxO-1024x683.jpg\" alt=\"\" class=\"wp-image-109\" srcset=\"https:\/\/geometre-expert-lamquet.be\/wp-content\/uploads\/2024\/05\/ADE_6514BD_DxO-1024x683.jpg 1024w, https:\/\/geometre-expert-lamquet.be\/wp-content\/uploads\/2024\/05\/ADE_6514BD_DxO-300x200.jpg 300w, https:\/\/geometre-expert-lamquet.be\/wp-content\/uploads\/2024\/05\/ADE_6514BD_DxO-768x512.jpg 768w, https:\/\/geometre-expert-lamquet.be\/wp-content\/uploads\/2024\/05\/ADE_6514BD_DxO-1536x1024.jpg 1536w, https:\/\/geometre-expert-lamquet.be\/wp-content\/uploads\/2024\/05\/ADE_6514BD_DxO.jpg 1900w\" sizes=\"auto, (max-width: 1024px) 100vw, 1024px\" \/><\/a><\/figure>\n\n\n\n<figure class=\"wp-block-image size-large\"><a href=\"https:\/\/geometre-expert-lamquet.be\/wp-content\/uploads\/2024\/05\/ADE_6393BD_DxO.jpg\"><img loading=\"lazy\" decoding=\"async\" width=\"1024\" height=\"683\" data-id=\"110\" src=\"https:\/\/geometre-expert-lamquet.be\/wp-content\/uploads\/2024\/05\/ADE_6393BD_DxO-1024x683.jpg\" alt=\"\" class=\"wp-image-110\" srcset=\"https:\/\/geometre-expert-lamquet.be\/wp-content\/uploads\/2024\/05\/ADE_6393BD_DxO-1024x683.jpg 1024w, https:\/\/geometre-expert-lamquet.be\/wp-content\/uploads\/2024\/05\/ADE_6393BD_DxO-300x200.jpg 300w, https:\/\/geometre-expert-lamquet.be\/wp-content\/uploads\/2024\/05\/ADE_6393BD_DxO-768x512.jpg 768w, https:\/\/geometre-expert-lamquet.be\/wp-content\/uploads\/2024\/05\/ADE_6393BD_DxO-1536x1024.jpg 1536w, https:\/\/geometre-expert-lamquet.be\/wp-content\/uploads\/2024\/05\/ADE_6393BD_DxO.jpg 1900w\" sizes=\"auto, (max-width: 1024px) 100vw, 1024px\" \/><\/a><\/figure>\n\n\n\n<figure class=\"wp-block-image size-large\"><a href=\"https:\/\/geometre-expert-lamquet.be\/wp-content\/uploads\/2024\/05\/Sylvain-Lamquet-geometre-expert-assermente-geolam.jpg\"><img loading=\"lazy\" decoding=\"async\" width=\"1024\" height=\"683\" data-id=\"107\" src=\"https:\/\/geometre-expert-lamquet.be\/wp-content\/uploads\/2024\/05\/Sylvain-Lamquet-geometre-expert-assermente-geolam-1024x683.jpg\" alt=\"\" class=\"wp-image-107\" srcset=\"https:\/\/geometre-expert-lamquet.be\/wp-content\/uploads\/2024\/05\/Sylvain-Lamquet-geometre-expert-assermente-geolam-1024x683.jpg 1024w, https:\/\/geometre-expert-lamquet.be\/wp-content\/uploads\/2024\/05\/Sylvain-Lamquet-geometre-expert-assermente-geolam-300x200.jpg 300w, https:\/\/geometre-expert-lamquet.be\/wp-content\/uploads\/2024\/05\/Sylvain-Lamquet-geometre-expert-assermente-geolam-768x512.jpg 768w, https:\/\/geometre-expert-lamquet.be\/wp-content\/uploads\/2024\/05\/Sylvain-Lamquet-geometre-expert-assermente-geolam-1536x1024.jpg 1536w, https:\/\/geometre-expert-lamquet.be\/wp-content\/uploads\/2024\/05\/Sylvain-Lamquet-geometre-expert-assermente-geolam.jpg 1900w\" sizes=\"auto, (max-width: 1024px) 100vw, 1024px\" \/><\/a><\/figure>\n\n\n\n<figure class=\"wp-block-image size-large\"><a href=\"https:\/\/geometre-expert-lamquet.be\/wp-content\/uploads\/2024\/05\/Sylvain-Lamquet-Geometre-Expert-Contact.jpg\"><img loading=\"lazy\" decoding=\"async\" width=\"1024\" height=\"683\" data-id=\"108\" src=\"https:\/\/geometre-expert-lamquet.be\/wp-content\/uploads\/2024\/05\/Sylvain-Lamquet-Geometre-Expert-Contact-1024x683.jpg\" alt=\"\" class=\"wp-image-108\" srcset=\"https:\/\/geometre-expert-lamquet.be\/wp-content\/uploads\/2024\/05\/Sylvain-Lamquet-Geometre-Expert-Contact-1024x683.jpg 1024w, https:\/\/geometre-expert-lamquet.be\/wp-content\/uploads\/2024\/05\/Sylvain-Lamquet-Geometre-Expert-Contact-300x200.jpg 300w, https:\/\/geometre-expert-lamquet.be\/wp-content\/uploads\/2024\/05\/Sylvain-Lamquet-Geometre-Expert-Contact-768x512.jpg 768w, https:\/\/geometre-expert-lamquet.be\/wp-content\/uploads\/2024\/05\/Sylvain-Lamquet-Geometre-Expert-Contact-1536x1024.jpg 1536w, https:\/\/geometre-expert-lamquet.be\/wp-content\/uploads\/2024\/05\/Sylvain-Lamquet-Geometre-Expert-Contact.jpg 1900w\" sizes=\"auto, (max-width: 1024px) 100vw, 1024px\" \/><\/a><\/figure>\n\n\n\n<figure class=\"wp-block-image size-large\"><a href=\"https:\/\/geometre-expert-lamquet.be\/wp-content\/uploads\/2024\/05\/geolam-FAQ-Sylvain-Lamquet-geometre.jpg\"><img loading=\"lazy\" decoding=\"async\" width=\"1024\" height=\"683\" data-id=\"106\" src=\"https:\/\/geometre-expert-lamquet.be\/wp-content\/uploads\/2024\/05\/geolam-FAQ-Sylvain-Lamquet-geometre-1024x683.jpg\" alt=\"\" class=\"wp-image-106\" srcset=\"https:\/\/geometre-expert-lamquet.be\/wp-content\/uploads\/2024\/05\/geolam-FAQ-Sylvain-Lamquet-geometre-1024x683.jpg 1024w, https:\/\/geometre-expert-lamquet.be\/wp-content\/uploads\/2024\/05\/geolam-FAQ-Sylvain-Lamquet-geometre-300x200.jpg 300w, https:\/\/geometre-expert-lamquet.be\/wp-content\/uploads\/2024\/05\/geolam-FAQ-Sylvain-Lamquet-geometre-768x512.jpg 768w, https:\/\/geometre-expert-lamquet.be\/wp-content\/uploads\/2024\/05\/geolam-FAQ-Sylvain-Lamquet-geometre-1536x1024.jpg 1536w, https:\/\/geometre-expert-lamquet.be\/wp-content\/uploads\/2024\/05\/geolam-FAQ-Sylvain-Lamquet-geometre.jpg 1900w\" sizes=\"auto, (max-width: 1024px) 100vw, 1024px\" \/><\/a><\/figure>\n\n\n\n<figure class=\"wp-block-image size-large\"><a href=\"https:\/\/geometre-expert-lamquet.be\/wp-content\/uploads\/2024\/05\/geo-lam-sylvain-lamquet-geometre-expert.jpg\"><img loading=\"lazy\" decoding=\"async\" width=\"1024\" height=\"683\" data-id=\"105\" src=\"https:\/\/geometre-expert-lamquet.be\/wp-content\/uploads\/2024\/05\/geo-lam-sylvain-lamquet-geometre-expert-1024x683.jpg\" alt=\"\" class=\"wp-image-105\" srcset=\"https:\/\/geometre-expert-lamquet.be\/wp-content\/uploads\/2024\/05\/geo-lam-sylvain-lamquet-geometre-expert-1024x683.jpg 1024w, https:\/\/geometre-expert-lamquet.be\/wp-content\/uploads\/2024\/05\/geo-lam-sylvain-lamquet-geometre-expert-300x200.jpg 300w, https:\/\/geometre-expert-lamquet.be\/wp-content\/uploads\/2024\/05\/geo-lam-sylvain-lamquet-geometre-expert-768x512.jpg 768w, https:\/\/geometre-expert-lamquet.be\/wp-content\/uploads\/2024\/05\/geo-lam-sylvain-lamquet-geometre-expert-1536x1024.jpg 1536w, https:\/\/geometre-expert-lamquet.be\/wp-content\/uploads\/2024\/05\/geo-lam-sylvain-lamquet-geometre-expert.jpg 1900w\" sizes=\"auto, (max-width: 1024px) 100vw, 1024px\" \/><\/a><\/figure>\n\n\n\n<figure class=\"wp-block-image size-large\"><a href=\"https:\/\/geometre-expert-lamquet.be\/wp-content\/uploads\/2024\/05\/geo-lam-rapport-quotites-co-propriete.jpg\"><img loading=\"lazy\" decoding=\"async\" width=\"1024\" height=\"683\" data-id=\"101\" src=\"https:\/\/geometre-expert-lamquet.be\/wp-content\/uploads\/2024\/05\/geo-lam-rapport-quotites-co-propriete-1024x683.jpg\" alt=\"\" class=\"wp-image-101\" srcset=\"https:\/\/geometre-expert-lamquet.be\/wp-content\/uploads\/2024\/05\/geo-lam-rapport-quotites-co-propriete-1024x683.jpg 1024w, https:\/\/geometre-expert-lamquet.be\/wp-content\/uploads\/2024\/05\/geo-lam-rapport-quotites-co-propriete-300x200.jpg 300w, https:\/\/geometre-expert-lamquet.be\/wp-content\/uploads\/2024\/05\/geo-lam-rapport-quotites-co-propriete-768x512.jpg 768w, https:\/\/geometre-expert-lamquet.be\/wp-content\/uploads\/2024\/05\/geo-lam-rapport-quotites-co-propriete-1536x1024.jpg 1536w, https:\/\/geometre-expert-lamquet.be\/wp-content\/uploads\/2024\/05\/geo-lam-rapport-quotites-co-propriete.jpg 1900w\" sizes=\"auto, (max-width: 1024px) 100vw, 1024px\" \/><\/a><\/figure>\n\n\n\n<figure class=\"wp-block-image size-large\"><a href=\"https:\/\/geometre-expert-lamquet.be\/wp-content\/uploads\/2024\/05\/evaluation-immobiliere-valeur-bien-immo-geo-lam.jpg\"><img loading=\"lazy\" decoding=\"async\" width=\"1024\" height=\"683\" data-id=\"104\" src=\"https:\/\/geometre-expert-lamquet.be\/wp-content\/uploads\/2024\/05\/evaluation-immobiliere-valeur-bien-immo-geo-lam-1024x683.jpg\" alt=\"\" class=\"wp-image-104\" srcset=\"https:\/\/geometre-expert-lamquet.be\/wp-content\/uploads\/2024\/05\/evaluation-immobiliere-valeur-bien-immo-geo-lam-1024x683.jpg 1024w, https:\/\/geometre-expert-lamquet.be\/wp-content\/uploads\/2024\/05\/evaluation-immobiliere-valeur-bien-immo-geo-lam-300x200.jpg 300w, https:\/\/geometre-expert-lamquet.be\/wp-content\/uploads\/2024\/05\/evaluation-immobiliere-valeur-bien-immo-geo-lam-768x512.jpg 768w, https:\/\/geometre-expert-lamquet.be\/wp-content\/uploads\/2024\/05\/evaluation-immobiliere-valeur-bien-immo-geo-lam-1536x1024.jpg 1536w, https:\/\/geometre-expert-lamquet.be\/wp-content\/uploads\/2024\/05\/evaluation-immobiliere-valeur-bien-immo-geo-lam.jpg 1900w\" sizes=\"auto, (max-width: 1024px) 100vw, 1024px\" \/><\/a><\/figure>\n\n\n\n<figure class=\"wp-block-image size-large\"><a href=\"https:\/\/geometre-expert-lamquet.be\/wp-content\/uploads\/2024\/05\/geo-lam-bornage.jpg\"><img loading=\"lazy\" decoding=\"async\" width=\"1024\" height=\"683\" data-id=\"99\" src=\"https:\/\/geometre-expert-lamquet.be\/wp-content\/uploads\/2024\/05\/geo-lam-bornage-1024x683.jpg\" alt=\"\" class=\"wp-image-99\" srcset=\"https:\/\/geometre-expert-lamquet.be\/wp-content\/uploads\/2024\/05\/geo-lam-bornage-1024x683.jpg 1024w, https:\/\/geometre-expert-lamquet.be\/wp-content\/uploads\/2024\/05\/geo-lam-bornage-300x200.jpg 300w, https:\/\/geometre-expert-lamquet.be\/wp-content\/uploads\/2024\/05\/geo-lam-bornage-768x512.jpg 768w, https:\/\/geometre-expert-lamquet.be\/wp-content\/uploads\/2024\/05\/geo-lam-bornage-1536x1024.jpg 1536w, https:\/\/geometre-expert-lamquet.be\/wp-content\/uploads\/2024\/05\/geo-lam-bornage.jpg 1900w\" sizes=\"auto, (max-width: 1024px) 100vw, 1024px\" \/><\/a><\/figure>\n\n\n\n<figure class=\"wp-block-image size-large\"><a href=\"https:\/\/geometre-expert-lamquet.be\/wp-content\/uploads\/2024\/05\/implantation-chaises-clous-geo-lam.jpg\"><img loading=\"lazy\" decoding=\"async\" width=\"1024\" height=\"683\" data-id=\"103\" src=\"https:\/\/geometre-expert-lamquet.be\/wp-content\/uploads\/2024\/05\/implantation-chaises-clous-geo-lam-1024x683.jpg\" alt=\"\" class=\"wp-image-103\" srcset=\"https:\/\/geometre-expert-lamquet.be\/wp-content\/uploads\/2024\/05\/implantation-chaises-clous-geo-lam-1024x683.jpg 1024w, https:\/\/geometre-expert-lamquet.be\/wp-content\/uploads\/2024\/05\/implantation-chaises-clous-geo-lam-300x200.jpg 300w, https:\/\/geometre-expert-lamquet.be\/wp-content\/uploads\/2024\/05\/implantation-chaises-clous-geo-lam-768x512.jpg 768w, https:\/\/geometre-expert-lamquet.be\/wp-content\/uploads\/2024\/05\/implantation-chaises-clous-geo-lam-1536x1024.jpg 1536w, https:\/\/geometre-expert-lamquet.be\/wp-content\/uploads\/2024\/05\/implantation-chaises-clous-geo-lam.jpg 1900w\" sizes=\"auto, (max-width: 1024px) 100vw, 1024px\" \/><\/a><\/figure>\n<\/figure>\n","protected":false},"excerpt":{"rendered":"<p>\u00ab Le g\u00e9om\u00e8tre-expert est le professionnel qui identifie, d\u00e9limite, mesure, \u00e9value la propri\u00e9t\u00e9 immobili\u00e8re publique ou&#8230; <span class=\"moreLink\"><a href=\"https:\/\/geometre-expert-lamquet.be\/fr\/\">+<\/a><\/span><\/p>\n","protected":false},"author":1,"featured_media":108,"parent":0,"menu_order":0,"comment_status":"closed","ping_status":"closed","template":"page-home.php","meta":{"_acf_changed":false,"footnotes":""},"categories":[],"class_list":["post-66","page","type-page","status-publish","has-post-thumbnail","hentry"],"acf":[],"yoast_head":"<!-- This site is optimized with the Yoast SEO plugin v27.4 - https:\/\/yoast.com\/product\/yoast-seo-wordpress\/ -->\n<title>Sylvain Lamquet, G\u00e9om\u00e8tre-Expert Namur, Wallonie, Belgique<\/title>\n<meta name=\"description\" content=\"Bornage, division, implantation de b\u00e2timent, nivellement ou expertise immobili\u00e8re, Sylvain Lamquet, g\u00e9om\u00e8tre-expert \u00e0 Namur et ses environs.\" \/>\n<meta name=\"robots\" content=\"index, follow, max-snippet:-1, max-image-preview:large, max-video-preview:-1\" \/>\n<link rel=\"canonical\" href=\"https:\/\/geometre-expert-lamquet.be\/fr\/\" \/>\n<meta property=\"og:locale\" content=\"fr_FR\" \/>\n<meta property=\"og:type\" content=\"article\" \/>\n<meta property=\"og:title\" content=\"Sylvain Lamquet, G\u00e9om\u00e8tre-Expert Namur, Wallonie, Belgique\" \/>\n<meta property=\"og:description\" content=\"Que ce soit pour un bornage, une division, une implantation de b\u00e2timent, un nivellement ou des services d\u2019expertise immobili\u00e8re, vous pouvez faire appel \u00e0 moi, Sylvain Lamquet, votre g\u00e9om\u00e8tre-expert \u00e0 Namur et ses environs.\" \/>\n<meta property=\"og:url\" content=\"https:\/\/geometre-expert-lamquet.be\/fr\/\" \/>\n<meta property=\"og:site_name\" content=\"Sylvain Lamquet, G\u00e9om\u00e8tre-Expert Namur, Wallonie, Belgique\" \/>\n<meta property=\"article:modified_time\" content=\"2024-06-11T18:28:59+00:00\" \/>\n<meta property=\"og:image\" content=\"https:\/\/geometre-expert-lamquet.be\/wp-content\/uploads\/2024\/05\/Geo-Lam_fb-image.jpg\" \/>\n\t<meta property=\"og:image:width\" content=\"1200\" \/>\n\t<meta property=\"og:image:height\" content=\"630\" \/>\n\t<meta property=\"og:image:type\" content=\"image\/jpeg\" \/>\n<meta name=\"twitter:card\" content=\"summary_large_image\" \/>\n<meta name=\"twitter:label1\" content=\"Dur\u00e9e de lecture estim\u00e9e\" \/>\n\t<meta name=\"twitter:data1\" content=\"5 minutes\" \/>\n<script type=\"application\/ld+json\" class=\"yoast-schema-graph\">{\"@context\":\"https:\\\/\\\/schema.org\",\"@graph\":[{\"@type\":\"WebPage\",\"@id\":\"https:\\\/\\\/geometre-expert-lamquet.be\\\/fr\\\/\",\"url\":\"https:\\\/\\\/geometre-expert-lamquet.be\\\/fr\\\/\",\"name\":\"Sylvain Lamquet, G\u00e9om\u00e8tre-Expert Namur, Wallonie, Belgique\",\"isPartOf\":{\"@id\":\"https:\\\/\\\/geometre-expert-lamquet.be\\\/fr\\\/#website\"},\"primaryImageOfPage\":{\"@id\":\"https:\\\/\\\/geometre-expert-lamquet.be\\\/fr\\\/#primaryimage\"},\"image\":{\"@id\":\"https:\\\/\\\/geometre-expert-lamquet.be\\\/fr\\\/#primaryimage\"},\"thumbnailUrl\":\"https:\\\/\\\/geometre-expert-lamquet.be\\\/wp-content\\\/uploads\\\/2024\\\/05\\\/Sylvain-Lamquet-Geometre-Expert-Contact.jpg\",\"datePublished\":\"2024-05-22T13:07:16+00:00\",\"dateModified\":\"2024-06-11T18:28:59+00:00\",\"description\":\"Bornage, division, implantation de b\u00e2timent, nivellement ou expertise immobili\u00e8re, Sylvain Lamquet, g\u00e9om\u00e8tre-expert \u00e0 Namur et ses environs.\",\"breadcrumb\":{\"@id\":\"https:\\\/\\\/geometre-expert-lamquet.be\\\/fr\\\/#breadcrumb\"},\"inLanguage\":\"fr-FR\",\"potentialAction\":[{\"@type\":\"ReadAction\",\"target\":[\"https:\\\/\\\/geometre-expert-lamquet.be\\\/fr\\\/\"]}]},{\"@type\":\"ImageObject\",\"inLanguage\":\"fr-FR\",\"@id\":\"https:\\\/\\\/geometre-expert-lamquet.be\\\/fr\\\/#primaryimage\",\"url\":\"https:\\\/\\\/geometre-expert-lamquet.be\\\/wp-content\\\/uploads\\\/2024\\\/05\\\/Sylvain-Lamquet-Geometre-Expert-Contact.jpg\",\"contentUrl\":\"https:\\\/\\\/geometre-expert-lamquet.be\\\/wp-content\\\/uploads\\\/2024\\\/05\\\/Sylvain-Lamquet-Geometre-Expert-Contact.jpg\",\"width\":1900,\"height\":1267},{\"@type\":\"BreadcrumbList\",\"@id\":\"https:\\\/\\\/geometre-expert-lamquet.be\\\/fr\\\/#breadcrumb\",\"itemListElement\":[{\"@type\":\"ListItem\",\"position\":1,\"name\":\"Accueil\",\"item\":\"https:\\\/\\\/geometre-expert-lamquet.be\\\/fr\\\/\"},{\"@type\":\"ListItem\",\"position\":2,\"name\":\"Sylvain Lamquet, G\u00e9om\u00e8tre-Expert Namur, Wallonie, Belgique\"}]},{\"@type\":\"WebSite\",\"@id\":\"https:\\\/\\\/geometre-expert-lamquet.be\\\/fr\\\/#website\",\"url\":\"https:\\\/\\\/geometre-expert-lamquet.be\\\/fr\\\/\",\"name\":\"Sylvain Lamquet, G\u00e9om\u00e8tre-Expert Namur, Wallonie, Belgique\",\"description\":\"\",\"potentialAction\":[{\"@type\":\"SearchAction\",\"target\":{\"@type\":\"EntryPoint\",\"urlTemplate\":\"https:\\\/\\\/geometre-expert-lamquet.be\\\/fr\\\/?s={search_term_string}\"},\"query-input\":{\"@type\":\"PropertyValueSpecification\",\"valueRequired\":true,\"valueName\":\"search_term_string\"}}],\"inLanguage\":\"fr-FR\"}]}<\/script>\n<!-- \/ Yoast SEO plugin. -->","yoast_head_json":{"title":"Sylvain Lamquet, G\u00e9om\u00e8tre-Expert Namur, Wallonie, Belgique","description":"Bornage, division, implantation de b\u00e2timent, nivellement ou expertise immobili\u00e8re, Sylvain Lamquet, g\u00e9om\u00e8tre-expert \u00e0 Namur et ses environs.","robots":{"index":"index","follow":"follow","max-snippet":"max-snippet:-1","max-image-preview":"max-image-preview:large","max-video-preview":"max-video-preview:-1"},"canonical":"https:\/\/geometre-expert-lamquet.be\/fr\/","og_locale":"fr_FR","og_type":"article","og_title":"Sylvain Lamquet, G\u00e9om\u00e8tre-Expert Namur, Wallonie, Belgique","og_description":"Que ce soit pour un bornage, une division, une implantation de b\u00e2timent, un nivellement ou des services d\u2019expertise immobili\u00e8re, vous pouvez faire appel \u00e0 moi, Sylvain Lamquet, votre g\u00e9om\u00e8tre-expert \u00e0 Namur et ses environs.","og_url":"https:\/\/geometre-expert-lamquet.be\/fr\/","og_site_name":"Sylvain Lamquet, G\u00e9om\u00e8tre-Expert Namur, Wallonie, Belgique","article_modified_time":"2024-06-11T18:28:59+00:00","og_image":[{"width":1200,"height":630,"url":"https:\/\/geometre-expert-lamquet.be\/wp-content\/uploads\/2024\/05\/Geo-Lam_fb-image.jpg","type":"image\/jpeg"}],"twitter_card":"summary_large_image","twitter_misc":{"Dur\u00e9e de lecture estim\u00e9e":"5 minutes"},"schema":{"@context":"https:\/\/schema.org","@graph":[{"@type":"WebPage","@id":"https:\/\/geometre-expert-lamquet.be\/fr\/","url":"https:\/\/geometre-expert-lamquet.be\/fr\/","name":"Sylvain Lamquet, G\u00e9om\u00e8tre-Expert Namur, Wallonie, Belgique","isPartOf":{"@id":"https:\/\/geometre-expert-lamquet.be\/fr\/#website"},"primaryImageOfPage":{"@id":"https:\/\/geometre-expert-lamquet.be\/fr\/#primaryimage"},"image":{"@id":"https:\/\/geometre-expert-lamquet.be\/fr\/#primaryimage"},"thumbnailUrl":"https:\/\/geometre-expert-lamquet.be\/wp-content\/uploads\/2024\/05\/Sylvain-Lamquet-Geometre-Expert-Contact.jpg","datePublished":"2024-05-22T13:07:16+00:00","dateModified":"2024-06-11T18:28:59+00:00","description":"Bornage, division, implantation de b\u00e2timent, nivellement ou expertise immobili\u00e8re, Sylvain Lamquet, g\u00e9om\u00e8tre-expert \u00e0 Namur et ses environs.","breadcrumb":{"@id":"https:\/\/geometre-expert-lamquet.be\/fr\/#breadcrumb"},"inLanguage":"fr-FR","potentialAction":[{"@type":"ReadAction","target":["https:\/\/geometre-expert-lamquet.be\/fr\/"]}]},{"@type":"ImageObject","inLanguage":"fr-FR","@id":"https:\/\/geometre-expert-lamquet.be\/fr\/#primaryimage","url":"https:\/\/geometre-expert-lamquet.be\/wp-content\/uploads\/2024\/05\/Sylvain-Lamquet-Geometre-Expert-Contact.jpg","contentUrl":"https:\/\/geometre-expert-lamquet.be\/wp-content\/uploads\/2024\/05\/Sylvain-Lamquet-Geometre-Expert-Contact.jpg","width":1900,"height":1267},{"@type":"BreadcrumbList","@id":"https:\/\/geometre-expert-lamquet.be\/fr\/#breadcrumb","itemListElement":[{"@type":"ListItem","position":1,"name":"Accueil","item":"https:\/\/geometre-expert-lamquet.be\/fr\/"},{"@type":"ListItem","position":2,"name":"Sylvain Lamquet, G\u00e9om\u00e8tre-Expert Namur, Wallonie, Belgique"}]},{"@type":"WebSite","@id":"https:\/\/geometre-expert-lamquet.be\/fr\/#website","url":"https:\/\/geometre-expert-lamquet.be\/fr\/","name":"Sylvain Lamquet, G\u00e9om\u00e8tre-Expert Namur, Wallonie, Belgique","description":"","potentialAction":[{"@type":"SearchAction","target":{"@type":"EntryPoint","urlTemplate":"https:\/\/geometre-expert-lamquet.be\/fr\/?s={search_term_string}"},"query-input":{"@type":"PropertyValueSpecification","valueRequired":true,"valueName":"search_term_string"}}],"inLanguage":"fr-FR"}]}},"_links":{"self":[{"href":"https:\/\/geometre-expert-lamquet.be\/fr\/wp-json\/wp\/v2\/pages\/66","targetHints":{"allow":["GET"]}}],"collection":[{"href":"https:\/\/geometre-expert-lamquet.be\/fr\/wp-json\/wp\/v2\/pages"}],"about":[{"href":"https:\/\/geometre-expert-lamquet.be\/fr\/wp-json\/wp\/v2\/types\/page"}],"author":[{"embeddable":true,"href":"https:\/\/geometre-expert-lamquet.be\/fr\/wp-json\/wp\/v2\/users\/1"}],"replies":[{"embeddable":true,"href":"https:\/\/geometre-expert-lamquet.be\/fr\/wp-json\/wp\/v2\/comments?post=66"}],"version-history":[{"count":1,"href":"https:\/\/geometre-expert-lamquet.be\/fr\/wp-json\/wp\/v2\/pages\/66\/revisions"}],"predecessor-version":[{"id":179,"href":"https:\/\/geometre-expert-lamquet.be\/fr\/wp-json\/wp\/v2\/pages\/66\/revisions\/179"}],"wp:featuredmedia":[{"embeddable":true,"href":"https:\/\/geometre-expert-lamquet.be\/fr\/wp-json\/wp\/v2\/media\/108"}],"wp:attachment":[{"href":"https:\/\/geometre-expert-lamquet.be\/fr\/wp-json\/wp\/v2\/media?parent=66"}],"wp:term":[{"taxonomy":"category","embeddable":true,"href":"https:\/\/geometre-expert-lamquet.be\/fr\/wp-json\/wp\/v2\/categories?post=66"}],"curies":[{"name":"wp","href":"https:\/\/api.w.org\/{rel}","templated":true}]}}