{"id":78,"date":"2024-05-22T15:39:28","date_gmt":"2024-05-22T13:39:28","guid":{"rendered":"https:\/\/geometre-expert-lamquet.be\/?page_id=78"},"modified":"2024-05-24T09:27:05","modified_gmt":"2024-05-24T07:27:05","slug":"bornage-terrain-26","status":"publish","type":"page","link":"https:\/\/geometre-expert-lamquet.be\/fr\/bornage-terrain-26\/","title":{"rendered":"Bornage &#8211; D\u00e9limitation de votre terrain"},"content":{"rendered":"\n<p>Le&nbsp;<strong>bornage&nbsp;<\/strong>est l\u2019op\u00e9ration&nbsp;contradictoire&nbsp;par laquelle on d\u00e9termine, au moyen de signes ext\u00e9rieurs \u00e9tablis \u00e0 demeure sur les fonds, la ligne s\u00e9parative entre deux fonds contigus.Il comprend deux op\u00e9rations distinctes&nbsp;:<\/p>\n\n\n\n<ul class=\"wp-block-list\">\n<li>la <strong>d\u00e9limitation<\/strong>\u00a0qui consiste \u00e0 d\u00e9finir et implanter les limites,<\/li>\n\n\n\n<li><strong>l\u2019abornement<\/strong>\u00a0qui consiste \u00e0 placer des signes mat\u00e9riels fixes et durables aux angles des propri\u00e9t\u00e9s (bornes ou autres rep\u00e8res).<\/li>\n<\/ul>\n\n\n\n<h2 class=\"wp-block-heading\">La division de votre terrain<\/h2>\n\n\n\n<p>La&nbsp;<strong>division<\/strong>&nbsp;est l\u2019op\u00e9ration qui permet de&nbsp;scinder une propri\u00e9t\u00e9, que ce soit un b\u00e2timent ou un terrain b\u00e2ti ou non, en plusieurs entit\u00e9s distinctes. La division d\u2019une propri\u00e9t\u00e9 entrainera, tout comme le bornage, un&nbsp;abornement. Contrairement au&nbsp;<strong>plan de bornage<\/strong>&nbsp;qui soumis \u00e0 la pr\u00e9-cadastration et \u00e0 l\u2019enregistrement, le plan de division sera d\u00e9livr\u00e9 au notaire charg\u00e9 de la transaction immobili\u00e8re.<\/p>\n\n\n\n<h2 class=\"wp-block-heading\">La reprise de mitoyennet\u00e9<\/h2>\n\n\n\n<p>L\u2019article 661 du Code civil dispose que&nbsp;<em>\u00ab tout propri\u00e9taire joignant un mur, a de m\u00eame la facult\u00e9 de le rendre&nbsp;mitoyen, en tout ou en partie, en remboursant au ma\u00eetre du mur la moiti\u00e9 de sa valeur, ou la moiti\u00e9 de la valeur de la portion qu\u2019il veut rendre mitoyenne, et moiti\u00e9 de la valeur du sol sur lequel le mur est b\u00e2ti. \u00bb<\/em><\/p>\n\n\n\n<p>C\u2019est le principe bien connu de la prise&nbsp;<strong>(reprise) de mitoyennet\u00e9<\/strong>&nbsp;qui oblige celui qui s\u2019appuie sur un mur s\u00e9paratif d\u2019en acheter la moiti\u00e9.<\/p>\n\n\n\n<p>Alors, si vous avez besoin d\u2019un g\u00e9om\u00e8tre-expert pour r\u00e9aliser une division, une reprise de mitoyennet\u00e9 ou votre&nbsp;<strong>bornage de terrain, \u00e0 Namur (Belgique)&nbsp;ou en Wallonie,<\/strong>contactez-moi sans plus attendre&nbsp;: je vous propose un service de qualit\u00e9 qui repose, notamment, sur une exp\u00e9rience probante et l\u2019utilisation d\u2019un mat\u00e9riel performant.<\/p>\n\n\n\n<p>Si vous avez des&nbsp;<strong>questions<\/strong>, ne tardez pas \u00e0 me contacter&nbsp;!<\/p>\n","protected":false},"excerpt":{"rendered":"<p>Le&nbsp;bornage&nbsp;est l\u2019op\u00e9ration&nbsp;contradictoire&nbsp;par laquelle on d\u00e9termine, au moyen de signes ext\u00e9rieurs \u00e9tablis \u00e0 demeure sur les fonds,&#8230; <span class=\"moreLink\"><a href=\"https:\/\/geometre-expert-lamquet.be\/fr\/bornage-terrain-26\/\">+<\/a><\/span><\/p>\n","protected":false},"author":1,"featured_media":109,"parent":0,"menu_order":0,"comment_status":"closed","ping_status":"closed","template":"","meta":{"_acf_changed":false,"footnotes":""},"categories":[],"class_list":["post-78","page","type-page","status-publish","has-post-thumbnail","hentry"],"acf":[],"yoast_head":"<!-- This site is optimized with the Yoast SEO plugin v27.4 - https:\/\/yoast.com\/product\/yoast-seo-wordpress\/ -->\n<title>Bornage terrain Namur, Wallonie, Belgique. D\u00e9limitation parcelles.<\/title>\n<meta name=\"description\" content=\"Besoin d\u2019un g\u00e9om\u00e8tre-expert pour r\u00e9aliser votre bornage ou division de terrain \u00e0 Namur, ou ailleurs ? Contactez Sylvain Lamquet - Geo-Lam\" \/>\n<meta name=\"robots\" content=\"index, follow, max-snippet:-1, max-image-preview:large, max-video-preview:-1\" \/>\n<link rel=\"canonical\" href=\"https:\/\/geometre-expert-lamquet.be\/fr\/bornage-terrain-26\/\" \/>\n<meta property=\"og:locale\" content=\"fr_FR\" \/>\n<meta property=\"og:type\" content=\"article\" \/>\n<meta property=\"og:title\" content=\"Bornage Terrain Namur, Wallonie, Belgique. Sylvain Lamquet, d\u00e9limitation de parcelles.\" \/>\n<meta property=\"og:description\" content=\"Si vous avez besoin d\u2019un g\u00e9om\u00e8tre-expert pour r\u00e9aliser votre bornage ou division de terrain \u00e0 Namur, ou ailleurs ? Contactez-moi: je vous propose un service de qualit\u00e9 reposant sur une exp\u00e9rience probante et l\u2019utilisation d\u2019un mat\u00e9riel performant.\" \/>\n<meta property=\"og:url\" content=\"https:\/\/geometre-expert-lamquet.be\/fr\/bornage-terrain-26\/\" \/>\n<meta property=\"og:site_name\" content=\"Sylvain Lamquet, G\u00e9om\u00e8tre-Expert Namur, Wallonie, Belgique\" \/>\n<meta property=\"article:modified_time\" content=\"2024-05-24T07:27:05+00:00\" \/>\n<meta property=\"og:image\" content=\"https:\/\/geometre-expert-lamquet.be\/wp-content\/uploads\/2024\/05\/ADE_6514BD_DxO.jpg\" \/>\n\t<meta property=\"og:image:width\" content=\"1900\" \/>\n\t<meta property=\"og:image:height\" content=\"1267\" \/>\n\t<meta property=\"og:image:type\" content=\"image\/jpeg\" \/>\n<meta name=\"twitter:card\" content=\"summary_large_image\" \/>\n<meta name=\"twitter:label1\" content=\"Dur\u00e9e de lecture estim\u00e9e\" \/>\n\t<meta name=\"twitter:data1\" content=\"2 minutes\" \/>\n<script type=\"application\/ld+json\" class=\"yoast-schema-graph\">{\"@context\":\"https:\\\/\\\/schema.org\",\"@graph\":[{\"@type\":\"WebPage\",\"@id\":\"https:\\\/\\\/geometre-expert-lamquet.be\\\/fr\\\/bornage-terrain-26\\\/\",\"url\":\"https:\\\/\\\/geometre-expert-lamquet.be\\\/fr\\\/bornage-terrain-26\\\/\",\"name\":\"Bornage terrain Namur, Wallonie, Belgique. D\u00e9limitation parcelles.\",\"isPartOf\":{\"@id\":\"https:\\\/\\\/geometre-expert-lamquet.be\\\/fr\\\/#website\"},\"primaryImageOfPage\":{\"@id\":\"https:\\\/\\\/geometre-expert-lamquet.be\\\/fr\\\/bornage-terrain-26\\\/#primaryimage\"},\"image\":{\"@id\":\"https:\\\/\\\/geometre-expert-lamquet.be\\\/fr\\\/bornage-terrain-26\\\/#primaryimage\"},\"thumbnailUrl\":\"https:\\\/\\\/geometre-expert-lamquet.be\\\/wp-content\\\/uploads\\\/2024\\\/05\\\/ADE_6514BD_DxO.jpg\",\"datePublished\":\"2024-05-22T13:39:28+00:00\",\"dateModified\":\"2024-05-24T07:27:05+00:00\",\"description\":\"Besoin d\u2019un g\u00e9om\u00e8tre-expert pour r\u00e9aliser votre bornage ou division de terrain \u00e0 Namur, ou ailleurs ? Contactez Sylvain Lamquet - Geo-Lam\",\"breadcrumb\":{\"@id\":\"https:\\\/\\\/geometre-expert-lamquet.be\\\/fr\\\/bornage-terrain-26\\\/#breadcrumb\"},\"inLanguage\":\"fr-FR\",\"potentialAction\":[{\"@type\":\"ReadAction\",\"target\":[\"https:\\\/\\\/geometre-expert-lamquet.be\\\/fr\\\/bornage-terrain-26\\\/\"]}]},{\"@type\":\"ImageObject\",\"inLanguage\":\"fr-FR\",\"@id\":\"https:\\\/\\\/geometre-expert-lamquet.be\\\/fr\\\/bornage-terrain-26\\\/#primaryimage\",\"url\":\"https:\\\/\\\/geometre-expert-lamquet.be\\\/wp-content\\\/uploads\\\/2024\\\/05\\\/ADE_6514BD_DxO.jpg\",\"contentUrl\":\"https:\\\/\\\/geometre-expert-lamquet.be\\\/wp-content\\\/uploads\\\/2024\\\/05\\\/ADE_6514BD_DxO.jpg\",\"width\":1900,\"height\":1267},{\"@type\":\"BreadcrumbList\",\"@id\":\"https:\\\/\\\/geometre-expert-lamquet.be\\\/fr\\\/bornage-terrain-26\\\/#breadcrumb\",\"itemListElement\":[{\"@type\":\"ListItem\",\"position\":1,\"name\":\"Accueil\",\"item\":\"https:\\\/\\\/geometre-expert-lamquet.be\\\/fr\\\/\"},{\"@type\":\"ListItem\",\"position\":2,\"name\":\"Bornage &#8211; D\u00e9limitation de votre terrain\"}]},{\"@type\":\"WebSite\",\"@id\":\"https:\\\/\\\/geometre-expert-lamquet.be\\\/fr\\\/#website\",\"url\":\"https:\\\/\\\/geometre-expert-lamquet.be\\\/fr\\\/\",\"name\":\"Sylvain Lamquet, G\u00e9om\u00e8tre-Expert Namur, Wallonie, Belgique\",\"description\":\"\",\"potentialAction\":[{\"@type\":\"SearchAction\",\"target\":{\"@type\":\"EntryPoint\",\"urlTemplate\":\"https:\\\/\\\/geometre-expert-lamquet.be\\\/fr\\\/?s={search_term_string}\"},\"query-input\":{\"@type\":\"PropertyValueSpecification\",\"valueRequired\":true,\"valueName\":\"search_term_string\"}}],\"inLanguage\":\"fr-FR\"}]}<\/script>\n<!-- \/ Yoast SEO plugin. -->","yoast_head_json":{"title":"Bornage terrain Namur, Wallonie, Belgique. D\u00e9limitation parcelles.","description":"Besoin d\u2019un g\u00e9om\u00e8tre-expert pour r\u00e9aliser votre bornage ou division de terrain \u00e0 Namur, ou ailleurs ? Contactez Sylvain Lamquet - Geo-Lam","robots":{"index":"index","follow":"follow","max-snippet":"max-snippet:-1","max-image-preview":"max-image-preview:large","max-video-preview":"max-video-preview:-1"},"canonical":"https:\/\/geometre-expert-lamquet.be\/fr\/bornage-terrain-26\/","og_locale":"fr_FR","og_type":"article","og_title":"Bornage Terrain Namur, Wallonie, Belgique. Sylvain Lamquet, d\u00e9limitation de parcelles.","og_description":"Si vous avez besoin d\u2019un g\u00e9om\u00e8tre-expert pour r\u00e9aliser votre bornage ou division de terrain \u00e0 Namur, ou ailleurs ? Contactez-moi: je vous propose un service de qualit\u00e9 reposant sur une exp\u00e9rience probante et l\u2019utilisation d\u2019un mat\u00e9riel performant.","og_url":"https:\/\/geometre-expert-lamquet.be\/fr\/bornage-terrain-26\/","og_site_name":"Sylvain Lamquet, G\u00e9om\u00e8tre-Expert Namur, Wallonie, Belgique","article_modified_time":"2024-05-24T07:27:05+00:00","og_image":[{"width":1900,"height":1267,"url":"https:\/\/geometre-expert-lamquet.be\/wp-content\/uploads\/2024\/05\/ADE_6514BD_DxO.jpg","type":"image\/jpeg"}],"twitter_card":"summary_large_image","twitter_misc":{"Dur\u00e9e de lecture estim\u00e9e":"2 minutes"},"schema":{"@context":"https:\/\/schema.org","@graph":[{"@type":"WebPage","@id":"https:\/\/geometre-expert-lamquet.be\/fr\/bornage-terrain-26\/","url":"https:\/\/geometre-expert-lamquet.be\/fr\/bornage-terrain-26\/","name":"Bornage terrain Namur, Wallonie, Belgique. D\u00e9limitation parcelles.","isPartOf":{"@id":"https:\/\/geometre-expert-lamquet.be\/fr\/#website"},"primaryImageOfPage":{"@id":"https:\/\/geometre-expert-lamquet.be\/fr\/bornage-terrain-26\/#primaryimage"},"image":{"@id":"https:\/\/geometre-expert-lamquet.be\/fr\/bornage-terrain-26\/#primaryimage"},"thumbnailUrl":"https:\/\/geometre-expert-lamquet.be\/wp-content\/uploads\/2024\/05\/ADE_6514BD_DxO.jpg","datePublished":"2024-05-22T13:39:28+00:00","dateModified":"2024-05-24T07:27:05+00:00","description":"Besoin d\u2019un g\u00e9om\u00e8tre-expert pour r\u00e9aliser votre bornage ou division de terrain \u00e0 Namur, ou ailleurs ? Contactez Sylvain Lamquet - Geo-Lam","breadcrumb":{"@id":"https:\/\/geometre-expert-lamquet.be\/fr\/bornage-terrain-26\/#breadcrumb"},"inLanguage":"fr-FR","potentialAction":[{"@type":"ReadAction","target":["https:\/\/geometre-expert-lamquet.be\/fr\/bornage-terrain-26\/"]}]},{"@type":"ImageObject","inLanguage":"fr-FR","@id":"https:\/\/geometre-expert-lamquet.be\/fr\/bornage-terrain-26\/#primaryimage","url":"https:\/\/geometre-expert-lamquet.be\/wp-content\/uploads\/2024\/05\/ADE_6514BD_DxO.jpg","contentUrl":"https:\/\/geometre-expert-lamquet.be\/wp-content\/uploads\/2024\/05\/ADE_6514BD_DxO.jpg","width":1900,"height":1267},{"@type":"BreadcrumbList","@id":"https:\/\/geometre-expert-lamquet.be\/fr\/bornage-terrain-26\/#breadcrumb","itemListElement":[{"@type":"ListItem","position":1,"name":"Accueil","item":"https:\/\/geometre-expert-lamquet.be\/fr\/"},{"@type":"ListItem","position":2,"name":"Bornage &#8211; D\u00e9limitation de votre terrain"}]},{"@type":"WebSite","@id":"https:\/\/geometre-expert-lamquet.be\/fr\/#website","url":"https:\/\/geometre-expert-lamquet.be\/fr\/","name":"Sylvain Lamquet, G\u00e9om\u00e8tre-Expert Namur, Wallonie, Belgique","description":"","potentialAction":[{"@type":"SearchAction","target":{"@type":"EntryPoint","urlTemplate":"https:\/\/geometre-expert-lamquet.be\/fr\/?s={search_term_string}"},"query-input":{"@type":"PropertyValueSpecification","valueRequired":true,"valueName":"search_term_string"}}],"inLanguage":"fr-FR"}]}},"_links":{"self":[{"href":"https:\/\/geometre-expert-lamquet.be\/fr\/wp-json\/wp\/v2\/pages\/78","targetHints":{"allow":["GET"]}}],"collection":[{"href":"https:\/\/geometre-expert-lamquet.be\/fr\/wp-json\/wp\/v2\/pages"}],"about":[{"href":"https:\/\/geometre-expert-lamquet.be\/fr\/wp-json\/wp\/v2\/types\/page"}],"author":[{"embeddable":true,"href":"https:\/\/geometre-expert-lamquet.be\/fr\/wp-json\/wp\/v2\/users\/1"}],"replies":[{"embeddable":true,"href":"https:\/\/geometre-expert-lamquet.be\/fr\/wp-json\/wp\/v2\/comments?post=78"}],"version-history":[{"count":0,"href":"https:\/\/geometre-expert-lamquet.be\/fr\/wp-json\/wp\/v2\/pages\/78\/revisions"}],"wp:featuredmedia":[{"embeddable":true,"href":"https:\/\/geometre-expert-lamquet.be\/fr\/wp-json\/wp\/v2\/media\/109"}],"wp:attachment":[{"href":"https:\/\/geometre-expert-lamquet.be\/fr\/wp-json\/wp\/v2\/media?parent=78"}],"wp:term":[{"taxonomy":"category","embeddable":true,"href":"https:\/\/geometre-expert-lamquet.be\/fr\/wp-json\/wp\/v2\/categories?post=78"}],"curies":[{"name":"wp","href":"https:\/\/api.w.org\/{rel}","templated":true}]}}