{"id":80,"date":"2024-05-22T15:41:45","date_gmt":"2024-05-22T13:41:45","guid":{"rendered":"https:\/\/geometre-expert-lamquet.be\/?page_id=80"},"modified":"2024-05-24T09:31:52","modified_gmt":"2024-05-24T07:31:52","slug":"plan-d-implantation-27","status":"publish","type":"page","link":"https:\/\/geometre-expert-lamquet.be\/fr\/plan-d-implantation-27\/","title":{"rendered":"Implantation d\u2019un b\u00e2timent ou d\u2019un ouvrage"},"content":{"rendered":"\n<p>L\u2019<strong>implantation<\/strong>&nbsp;est le proc\u00e9d\u00e9 qui permet de positionner sur terrain des points pr\u00e9cis qui d\u00e9termineront l\u2019enveloppe de la future construction, que ce soit une habitation ou une partie de celle-ci.<\/p>\n\n\n\n<p>Le&nbsp;<strong>plan d\u2019indication d\u2019implantation<\/strong>&nbsp;est un plan complet, demand\u00e9 par la commune, reprenant sur plan les clous qui ont \u00e9t\u00e9 implant\u00e9s conform\u00e9ment au(x) plan(s) fourni(s) par l\u2019architecte. Le g\u00e9om\u00e8tre-expert s\u2019engage \u00e0 ce que l\u2019implantation r\u00e9alis\u00e9e par ces soins soit conforme au plan annex\u00e9 au dossier d\u2019ex\u00e9cution. Ce plan doit \u00eatre sign\u00e9 par l\u2019architecte qui a r\u00e9alis\u00e9 les plans, le ma\u00eetre de l\u2019ouvrage, l\u2019entrepreneur et le g\u00e9om\u00e8tre-expert lui-m\u00eame avant d\u2019\u00eatre d\u00e9pos\u00e9 \u00e0 la commune pour qu\u2019elle puisse avoir la possibilit\u00e9 d\u2019aller contr\u00f4ler sur place l\u2019implantation.<\/p>\n\n\n\n<h2 class=\"wp-block-heading\">La pratique des diff\u00e9rents types d\u2019implantation<\/h2>\n\n\n\n<p>Un&nbsp;<strong>plan d\u2019implantation<\/strong>&nbsp;est r\u00e9alis\u00e9 suite \u00e0 la demande d\u2019un ma\u00eetre d\u2019ouvrage, d\u2019une administration, d\u2019un architecte ou encore, d\u2019un entrepreneur. Le rendu de ce plan peut se faire de diff\u00e9rente mani\u00e8re selon la demande, \u00e0 savoir&nbsp;:<\/p>\n\n\n\n<ul class=\"wp-block-list\">\n<li>un plan type pour une implantation traditionnelle<\/li>\n\n\n\n<li>un plan de v\u00e9rification d\u2019implantation<\/li>\n\n\n\n<li>un plan d\u2019indication d&rsquo;implantation, plan demand\u00e9 par les services de l\u2019urbanisme de certaines communes<\/li>\n<\/ul>\n\n\n\n<p>Pour toute r\u00e9alisation d\u2019un&nbsp;<strong>plan d\u2019implantation, que ce soit \u00e0 Namur (Belgique)&nbsp;<\/strong>ou en Wallonie, pour toute autre demande d&rsquo;information ou encore pour obtenir un prix attrayant, n\u2019h\u00e9sitez pas \u00e0 me contacter par t\u00e9l\u00e9phone ou par email&nbsp;: je m\u2019engage \u00e0 r\u00e9pondre \u00e0 vos&nbsp;<strong>questions<\/strong>&nbsp;dans les plus brefs d\u00e9lais. D\u2019autre part, mes devis sont gratuits.<\/p>\n","protected":false},"excerpt":{"rendered":"<p>L\u2019implantation&nbsp;est le proc\u00e9d\u00e9 qui permet de positionner sur terrain des points pr\u00e9cis qui d\u00e9termineront l\u2019enveloppe de&#8230; <span class=\"moreLink\"><a href=\"https:\/\/geometre-expert-lamquet.be\/fr\/plan-d-implantation-27\/\">+<\/a><\/span><\/p>\n","protected":false},"author":1,"featured_media":106,"parent":0,"menu_order":0,"comment_status":"closed","ping_status":"closed","template":"","meta":{"_acf_changed":false,"footnotes":""},"categories":[],"class_list":["post-80","page","type-page","status-publish","has-post-thumbnail","hentry"],"acf":[],"yoast_head":"<!-- This site is optimized with the Yoast SEO plugin v27.4 - https:\/\/yoast.com\/product\/yoast-seo-wordpress\/ -->\n<title>Plan d\u2019Implantation Namur, Wallonie, Belgique. Planim\u00e9trie - Sylvain Lamquet<\/title>\n<meta name=\"description\" content=\"Architecte, administration, ma\u00eetre d\u2019\u0153uvre ou entrepreneur \u00e0 la recherche d&#039;un g\u00e9om\u00e8tre-expert pour votre plan d\u2019implantation \u00e0 Namur, ou en Wallonie ? Contactez-moi.\" \/>\n<meta name=\"robots\" content=\"index, follow, max-snippet:-1, max-image-preview:large, max-video-preview:-1\" \/>\n<link rel=\"canonical\" href=\"https:\/\/geometre-expert-lamquet.be\/fr\/plan-d-implantation-27\/\" \/>\n<meta property=\"og:locale\" content=\"fr_FR\" \/>\n<meta property=\"og:type\" content=\"article\" \/>\n<meta property=\"og:title\" content=\"Plan d\u2019implantation Namur, Wallonie, Belgique. Sylvain Lamquet r\u00e9alise planim\u00e9trie.\" \/>\n<meta property=\"og:description\" content=\"Vous \u00eates un architecte, une administration, un ma\u00eetre d\u2019\u0153uvre ou un entrepreneur ? Vous cherchez un g\u00e9om\u00e8tre-expert qui r\u00e9alisera votre plan d\u2019implantation \u00e0 Namur, ou en Wallonie ? Vous pouvez faire appel \u00e0 moi.\" \/>\n<meta property=\"og:url\" content=\"https:\/\/geometre-expert-lamquet.be\/fr\/plan-d-implantation-27\/\" \/>\n<meta property=\"og:site_name\" content=\"Sylvain Lamquet, G\u00e9om\u00e8tre-Expert Namur, Wallonie, Belgique\" \/>\n<meta property=\"article:modified_time\" content=\"2024-05-24T07:31:52+00:00\" \/>\n<meta property=\"og:image\" content=\"https:\/\/geometre-expert-lamquet.be\/wp-content\/uploads\/2024\/05\/geolam-FAQ-Sylvain-Lamquet-geometre.jpg\" \/>\n\t<meta property=\"og:image:width\" content=\"1900\" \/>\n\t<meta property=\"og:image:height\" content=\"1267\" \/>\n\t<meta property=\"og:image:type\" content=\"image\/jpeg\" \/>\n<meta name=\"twitter:card\" content=\"summary_large_image\" \/>\n<meta name=\"twitter:label1\" content=\"Dur\u00e9e de lecture estim\u00e9e\" \/>\n\t<meta name=\"twitter:data1\" content=\"2 minutes\" \/>\n<script type=\"application\/ld+json\" class=\"yoast-schema-graph\">{\"@context\":\"https:\\\/\\\/schema.org\",\"@graph\":[{\"@type\":\"WebPage\",\"@id\":\"https:\\\/\\\/geometre-expert-lamquet.be\\\/fr\\\/plan-d-implantation-27\\\/\",\"url\":\"https:\\\/\\\/geometre-expert-lamquet.be\\\/fr\\\/plan-d-implantation-27\\\/\",\"name\":\"Plan d\u2019Implantation Namur, Wallonie, Belgique. Planim\u00e9trie - Sylvain Lamquet\",\"isPartOf\":{\"@id\":\"https:\\\/\\\/geometre-expert-lamquet.be\\\/fr\\\/#website\"},\"primaryImageOfPage\":{\"@id\":\"https:\\\/\\\/geometre-expert-lamquet.be\\\/fr\\\/plan-d-implantation-27\\\/#primaryimage\"},\"image\":{\"@id\":\"https:\\\/\\\/geometre-expert-lamquet.be\\\/fr\\\/plan-d-implantation-27\\\/#primaryimage\"},\"thumbnailUrl\":\"https:\\\/\\\/geometre-expert-lamquet.be\\\/wp-content\\\/uploads\\\/2024\\\/05\\\/geolam-FAQ-Sylvain-Lamquet-geometre.jpg\",\"datePublished\":\"2024-05-22T13:41:45+00:00\",\"dateModified\":\"2024-05-24T07:31:52+00:00\",\"description\":\"Architecte, administration, ma\u00eetre d\u2019\u0153uvre ou entrepreneur \u00e0 la recherche d'un g\u00e9om\u00e8tre-expert pour votre plan d\u2019implantation \u00e0 Namur, ou en Wallonie ? Contactez-moi.\",\"breadcrumb\":{\"@id\":\"https:\\\/\\\/geometre-expert-lamquet.be\\\/fr\\\/plan-d-implantation-27\\\/#breadcrumb\"},\"inLanguage\":\"fr-FR\",\"potentialAction\":[{\"@type\":\"ReadAction\",\"target\":[\"https:\\\/\\\/geometre-expert-lamquet.be\\\/fr\\\/plan-d-implantation-27\\\/\"]}]},{\"@type\":\"ImageObject\",\"inLanguage\":\"fr-FR\",\"@id\":\"https:\\\/\\\/geometre-expert-lamquet.be\\\/fr\\\/plan-d-implantation-27\\\/#primaryimage\",\"url\":\"https:\\\/\\\/geometre-expert-lamquet.be\\\/wp-content\\\/uploads\\\/2024\\\/05\\\/geolam-FAQ-Sylvain-Lamquet-geometre.jpg\",\"contentUrl\":\"https:\\\/\\\/geometre-expert-lamquet.be\\\/wp-content\\\/uploads\\\/2024\\\/05\\\/geolam-FAQ-Sylvain-Lamquet-geometre.jpg\",\"width\":1900,\"height\":1267},{\"@type\":\"BreadcrumbList\",\"@id\":\"https:\\\/\\\/geometre-expert-lamquet.be\\\/fr\\\/plan-d-implantation-27\\\/#breadcrumb\",\"itemListElement\":[{\"@type\":\"ListItem\",\"position\":1,\"name\":\"Accueil\",\"item\":\"https:\\\/\\\/geometre-expert-lamquet.be\\\/fr\\\/\"},{\"@type\":\"ListItem\",\"position\":2,\"name\":\"Implantation d\u2019un b\u00e2timent ou d\u2019un ouvrage\"}]},{\"@type\":\"WebSite\",\"@id\":\"https:\\\/\\\/geometre-expert-lamquet.be\\\/fr\\\/#website\",\"url\":\"https:\\\/\\\/geometre-expert-lamquet.be\\\/fr\\\/\",\"name\":\"Sylvain Lamquet, G\u00e9om\u00e8tre-Expert Namur, Wallonie, Belgique\",\"description\":\"\",\"potentialAction\":[{\"@type\":\"SearchAction\",\"target\":{\"@type\":\"EntryPoint\",\"urlTemplate\":\"https:\\\/\\\/geometre-expert-lamquet.be\\\/fr\\\/?s={search_term_string}\"},\"query-input\":{\"@type\":\"PropertyValueSpecification\",\"valueRequired\":true,\"valueName\":\"search_term_string\"}}],\"inLanguage\":\"fr-FR\"}]}<\/script>\n<!-- \/ Yoast SEO plugin. -->","yoast_head_json":{"title":"Plan d\u2019Implantation Namur, Wallonie, Belgique. Planim\u00e9trie - Sylvain Lamquet","description":"Architecte, administration, ma\u00eetre d\u2019\u0153uvre ou entrepreneur \u00e0 la recherche d'un g\u00e9om\u00e8tre-expert pour votre plan d\u2019implantation \u00e0 Namur, ou en Wallonie ? Contactez-moi.","robots":{"index":"index","follow":"follow","max-snippet":"max-snippet:-1","max-image-preview":"max-image-preview:large","max-video-preview":"max-video-preview:-1"},"canonical":"https:\/\/geometre-expert-lamquet.be\/fr\/plan-d-implantation-27\/","og_locale":"fr_FR","og_type":"article","og_title":"Plan d\u2019implantation Namur, Wallonie, Belgique. Sylvain Lamquet r\u00e9alise planim\u00e9trie.","og_description":"Vous \u00eates un architecte, une administration, un ma\u00eetre d\u2019\u0153uvre ou un entrepreneur ? Vous cherchez un g\u00e9om\u00e8tre-expert qui r\u00e9alisera votre plan d\u2019implantation \u00e0 Namur, ou en Wallonie ? Vous pouvez faire appel \u00e0 moi.","og_url":"https:\/\/geometre-expert-lamquet.be\/fr\/plan-d-implantation-27\/","og_site_name":"Sylvain Lamquet, G\u00e9om\u00e8tre-Expert Namur, Wallonie, Belgique","article_modified_time":"2024-05-24T07:31:52+00:00","og_image":[{"width":1900,"height":1267,"url":"https:\/\/geometre-expert-lamquet.be\/wp-content\/uploads\/2024\/05\/geolam-FAQ-Sylvain-Lamquet-geometre.jpg","type":"image\/jpeg"}],"twitter_card":"summary_large_image","twitter_misc":{"Dur\u00e9e de lecture estim\u00e9e":"2 minutes"},"schema":{"@context":"https:\/\/schema.org","@graph":[{"@type":"WebPage","@id":"https:\/\/geometre-expert-lamquet.be\/fr\/plan-d-implantation-27\/","url":"https:\/\/geometre-expert-lamquet.be\/fr\/plan-d-implantation-27\/","name":"Plan d\u2019Implantation Namur, Wallonie, Belgique. Planim\u00e9trie - Sylvain Lamquet","isPartOf":{"@id":"https:\/\/geometre-expert-lamquet.be\/fr\/#website"},"primaryImageOfPage":{"@id":"https:\/\/geometre-expert-lamquet.be\/fr\/plan-d-implantation-27\/#primaryimage"},"image":{"@id":"https:\/\/geometre-expert-lamquet.be\/fr\/plan-d-implantation-27\/#primaryimage"},"thumbnailUrl":"https:\/\/geometre-expert-lamquet.be\/wp-content\/uploads\/2024\/05\/geolam-FAQ-Sylvain-Lamquet-geometre.jpg","datePublished":"2024-05-22T13:41:45+00:00","dateModified":"2024-05-24T07:31:52+00:00","description":"Architecte, administration, ma\u00eetre d\u2019\u0153uvre ou entrepreneur \u00e0 la recherche d'un g\u00e9om\u00e8tre-expert pour votre plan d\u2019implantation \u00e0 Namur, ou en Wallonie ? Contactez-moi.","breadcrumb":{"@id":"https:\/\/geometre-expert-lamquet.be\/fr\/plan-d-implantation-27\/#breadcrumb"},"inLanguage":"fr-FR","potentialAction":[{"@type":"ReadAction","target":["https:\/\/geometre-expert-lamquet.be\/fr\/plan-d-implantation-27\/"]}]},{"@type":"ImageObject","inLanguage":"fr-FR","@id":"https:\/\/geometre-expert-lamquet.be\/fr\/plan-d-implantation-27\/#primaryimage","url":"https:\/\/geometre-expert-lamquet.be\/wp-content\/uploads\/2024\/05\/geolam-FAQ-Sylvain-Lamquet-geometre.jpg","contentUrl":"https:\/\/geometre-expert-lamquet.be\/wp-content\/uploads\/2024\/05\/geolam-FAQ-Sylvain-Lamquet-geometre.jpg","width":1900,"height":1267},{"@type":"BreadcrumbList","@id":"https:\/\/geometre-expert-lamquet.be\/fr\/plan-d-implantation-27\/#breadcrumb","itemListElement":[{"@type":"ListItem","position":1,"name":"Accueil","item":"https:\/\/geometre-expert-lamquet.be\/fr\/"},{"@type":"ListItem","position":2,"name":"Implantation d\u2019un b\u00e2timent ou d\u2019un ouvrage"}]},{"@type":"WebSite","@id":"https:\/\/geometre-expert-lamquet.be\/fr\/#website","url":"https:\/\/geometre-expert-lamquet.be\/fr\/","name":"Sylvain Lamquet, G\u00e9om\u00e8tre-Expert Namur, Wallonie, Belgique","description":"","potentialAction":[{"@type":"SearchAction","target":{"@type":"EntryPoint","urlTemplate":"https:\/\/geometre-expert-lamquet.be\/fr\/?s={search_term_string}"},"query-input":{"@type":"PropertyValueSpecification","valueRequired":true,"valueName":"search_term_string"}}],"inLanguage":"fr-FR"}]}},"_links":{"self":[{"href":"https:\/\/geometre-expert-lamquet.be\/fr\/wp-json\/wp\/v2\/pages\/80","targetHints":{"allow":["GET"]}}],"collection":[{"href":"https:\/\/geometre-expert-lamquet.be\/fr\/wp-json\/wp\/v2\/pages"}],"about":[{"href":"https:\/\/geometre-expert-lamquet.be\/fr\/wp-json\/wp\/v2\/types\/page"}],"author":[{"embeddable":true,"href":"https:\/\/geometre-expert-lamquet.be\/fr\/wp-json\/wp\/v2\/users\/1"}],"replies":[{"embeddable":true,"href":"https:\/\/geometre-expert-lamquet.be\/fr\/wp-json\/wp\/v2\/comments?post=80"}],"version-history":[{"count":0,"href":"https:\/\/geometre-expert-lamquet.be\/fr\/wp-json\/wp\/v2\/pages\/80\/revisions"}],"wp:featuredmedia":[{"embeddable":true,"href":"https:\/\/geometre-expert-lamquet.be\/fr\/wp-json\/wp\/v2\/media\/106"}],"wp:attachment":[{"href":"https:\/\/geometre-expert-lamquet.be\/fr\/wp-json\/wp\/v2\/media?parent=80"}],"wp:term":[{"taxonomy":"category","embeddable":true,"href":"https:\/\/geometre-expert-lamquet.be\/fr\/wp-json\/wp\/v2\/categories?post=80"}],"curies":[{"name":"wp","href":"https:\/\/api.w.org\/{rel}","templated":true}]}}